{"id":354,"date":"2012-09-05T15:37:29","date_gmt":"2012-09-05T13:37:29","guid":{"rendered":"http:\/\/archteam-architekten.de\/at\/?page_id=354"},"modified":"2013-07-08T17:02:03","modified_gmt":"2013-07-08T15:02:03","slug":"mobilfunk","status":"publish","type":"page","link":"https:\/\/archteam-architekten.de\/?page_id=354","title":{"rendered":"Mobilfunk"},"content":{"rendered":"<p style=\"text-align: center;\"><img loading=\"lazy\" decoding=\"async\" width=\"519\" height=\"237\" class=\"aligncenter  wp-image-386\" title=\"mobilfunk-001\" alt=\"\" src=\"http:\/\/archteam-architekten.de\/wp-content\/uploads\/2012\/09\/mobilfunk-001.jpg\" srcset=\"https:\/\/archteam-architekten.de\/wp-content\/uploads\/2012\/09\/mobilfunk-001.jpg 519w, https:\/\/archteam-architekten.de\/wp-content\/uploads\/2012\/09\/mobilfunk-001-300x136.jpg 300w, https:\/\/archteam-architekten.de\/wp-content\/uploads\/2012\/09\/mobilfunk-001-250x114.jpg 250w\" sizes=\"auto, (max-width: 519px) 100vw, 519px\" \/><\/p>\n<p>Seit August 1998 ist das ARCHTEAM im Bereich Mobilfunk t\u00e4tig.<\/p>\n<p>In dieser Zeit waren wir an der Planung von bislang ca. 900 Mobilfunkstationen und Schaltzentralen beteiligt. Alle Anbieter, von Deutsche Telekom, Vodafone-D2, Telef\u00f3nica (o2), E-Plus, ish (Kabel NRW) bis BOS-Net, werden von uns beim Aufbau ihrer Mobilfunknetze oder anderer Netze unterst\u00fctzt.<\/p>\n<p><strong>Unsere Leistungen:<\/strong><\/p>\n<ul>\n<li>Entwurfs- und Ausf\u00fchrungsplanung von Dach- und Maststandorten<\/li>\n<li>Statik und Konstruktionszeichnungen<\/li>\n<li>Bestandsaufnahmen<\/li>\n<li>baurechtliche Betreuung und Bearbeitung von Bauantr\u00e4gen, Ausnahme- und Befreiungsantr\u00e4gen, Antr\u00e4gen auf denkmalrechtliche Erlaubnis<\/li>\n<\/ul>\n<p>&nbsp;<\/p>\n","protected":false},"excerpt":{"rendered":"<p>Seit August 1998 ist das ARCHTEAM im Bereich Mobilfunk t\u00e4tig. In dieser Zeit waren wir an der Planung von bislang ca. 900 Mobilfunkstationen und Schaltzentralen beteiligt. Alle Anbieter, von Deutsche Telekom, Vodafone-D2, Telef\u00f3nica (o2), E-Plus, ish (Kabel NRW) bis BOS-Net, werden von uns beim Aufbau ihrer Mobilfunknetze oder anderer Netze unterst\u00fctzt. Unsere Leistungen: Entwurfs- und [&hellip;]<\/p>\n","protected":false},"author":1,"featured_media":0,"parent":0,"menu_order":0,"comment_status":"closed","ping_status":"closed","template":"full-width-page.php","meta":{"ngg_post_thumbnail":0,"footnotes":""},"class_list":["post-354","page","type-page","status-publish","hentry"],"_links":{"self":[{"href":"https:\/\/archteam-architekten.de\/index.php?rest_route=\/wp\/v2\/pages\/354","targetHints":{"allow":["GET"]}}],"collection":[{"href":"https:\/\/archteam-architekten.de\/index.php?rest_route=\/wp\/v2\/pages"}],"about":[{"href":"https:\/\/archteam-architekten.de\/index.php?rest_route=\/wp\/v2\/types\/page"}],"author":[{"embeddable":true,"href":"https:\/\/archteam-architekten.de\/index.php?rest_route=\/wp\/v2\/users\/1"}],"replies":[{"embeddable":true,"href":"https:\/\/archteam-architekten.de\/index.php?rest_route=%2Fwp%2Fv2%2Fcomments&post=354"}],"version-history":[{"count":12,"href":"https:\/\/archteam-architekten.de\/index.php?rest_route=\/wp\/v2\/pages\/354\/revisions"}],"predecessor-version":[{"id":384,"href":"https:\/\/archteam-architekten.de\/index.php?rest_route=\/wp\/v2\/pages\/354\/revisions\/384"}],"wp:attachment":[{"href":"https:\/\/archteam-architekten.de\/index.php?rest_route=%2Fwp%2Fv2%2Fmedia&parent=354"}],"curies":[{"name":"wp","href":"https:\/\/api.w.org\/{rel}","templated":true}]}}