{"id":225,"date":"2012-08-28T16:52:44","date_gmt":"2012-08-28T14:52:44","guid":{"rendered":"http:\/\/archteam-architekten.de\/at\/?page_id=225"},"modified":"2025-04-03T13:13:38","modified_gmt":"2025-04-03T11:13:38","slug":"impressum","status":"publish","type":"page","link":"https:\/\/archteam-architekten.de\/?page_id=225","title":{"rendered":"Impressum"},"content":{"rendered":"<p><strong>Impressum<\/strong><\/p>\n<p>Archteam Architekten<br \/>\nArndtstra\u00dfe 41<br \/>\n44135 Dortmund<\/p>\n<p>Fon 0231.567646-10<\/p>\n<p>christian.peirick@archteam-architekten.de<br \/>\nwww.archteam-architekten.de<\/p>\n<p>Umsatzsteuer-ID:&nbsp; DE191364813<\/p>\n<p><strong>Copyright<\/strong><\/p>\n<p>S\u00e4mtliche Bilder, Fotos, grafische Darstellungen, Texte, etc. sowie das Design und die Programmierung dieser Webseite sind urheberrechtlich gesch\u00fctzt. Die Rechte liegen allein beim Autor und Inhaber der Webseite. Jegliche nicht schriftlich autorisierte Verwendung an anderer Stelle ist nicht gestattet und wird strafrechtlich verfolgt!<\/p>\n<p><strong>Haftungsausschluss<\/strong><\/p>\n<p><em>1. Inhalt des Onlineangebotes<\/em><br \/>\nDer Autor dieser Webseite ist stets bem\u00fcht, hochwertige Informationen zur Verf\u00fcgung zu stellen. Dennoch wird keinerlei Gew\u00e4hr f\u00fcr die Aktualit\u00e4t, Korrektheit, Vollst\u00e4ndigkeit oder Qualit\u00e4t der bereitgestellten Informationen \u00fcbernommen. Haftungsanspr\u00fcche gegen den Autor, die sich auf Sch\u00e4den materieller oder ideeller Art beziehen, welche durch die Nutzung oder Nichtnutzung der dargebotenen Informationen bzw. durch die Nutzung fehlerhafter und unvollst\u00e4ndiger Informationen verursacht wurden, sind grunds\u00e4tzlich ausgeschlossen, sofern seitens des Autors kein nachweislich vors\u00e4tzliches oder grob fahrl\u00e4ssiges Verschulden vorliegt. Alle Angebote sind freibleibend und unverbindlich. Der Autor beh\u00e4lt es sich ausdr\u00fccklich vor, Teile der Seiten oder das gesamte Angebot ohne gesonderte Ank\u00fcndigung zu ver\u00e4ndern, zu erg\u00e4nzen, zu l\u00f6schen oder die Ver\u00f6ffentlichung zeitweise oder endg\u00fcltig einzustellen.<\/p>\n<p><em>2. Verweise und Links<\/em><br \/>\nSofern auf Verweisziele (&#8222;Links&#8220;) direkt oder indirekt verwiesen wird, die au\u00dferhalb des Verantwortungsbereiches des Autors liegen, haftet dieser nur dann, wenn er von den Inhalten Kenntnis hat und es ihm technisch m\u00f6glich und zumutbar w\u00e4re, die Nutzung im Falle rechtswidriger Inhalte zu verhindern. F\u00fcr dar\u00fcber hinausgehende Inhalte und insbesondere f\u00fcr Sch\u00e4den, die aus der Nutzung oder Nichtnutzung solcher dargebotenen Informationen entstehen, haftet allein der Anbieter dieser Seiten, aber nicht derjenige, der \u00fcber Links auf die jeweilige Ver\u00f6ffentlichung nur verweist.<\/p>\n<p><em>3. Urheberrecht<\/em><br \/>\nDer Autor ist bestrebt, in allen Publikationen die Urheberrechte der verwendeten Grafiken und Texte zu beachten, von ihm selbst erstellte Grafiken, Sounds und Texte zu nutzen oder auf lizenzfreie Grafiken, Sounds und Texte zur\u00fcckzugreifen. Sollte sich auf den jeweiligen Seiten dennoch eine ungekennzeichnete, aber durch fremdes Copyright gesch\u00fctzte Grafik, ein Sound oder Text befinden, so konnte das Copyright vom Autor nicht festgestellt werden. Im Falle einer solchen unbeabsichtigten Copyrightverletzung wird der Autor das entsprechende Objekt nach Benachrichtigung aus seiner Publikation entfernen bzw. mit dem entsprechenden Copyright kenntlich machen.<\/p>\n<p><em>4. Rechtswirksamkeit dieses Haftungsausschlusses<\/em><br \/>\nDieser Haftungsausschluss ist als Teil des Internetangebotes zu betrachten, von dem aus auf diese Seite verwiesen wurde. Sofern Teile oder einzelne Formulierungen dieses Textes der geltenden Rechtslage nicht, nicht mehr oder nicht vollst\u00e4ndig entsprechen sollten, bleiben die \u00fcbrigen Teile des Dokumentes in ihrem Inhalt und ihrer G\u00fcltigkeit davon unber\u00fchrt.<\/p>\n","protected":false},"excerpt":{"rendered":"<p>Impressum Archteam Architekten Arndtstra\u00dfe 41 44135 Dortmund Fon 0231.567646-10 christian.peirick@archteam-architekten.de www.archteam-architekten.de Umsatzsteuer-ID:&nbsp; DE191364813 Copyright S\u00e4mtliche Bilder, Fotos, grafische Darstellungen, Texte, etc. sowie das Design und die Programmierung dieser Webseite sind urheberrechtlich gesch\u00fctzt. Die Rechte liegen allein beim Autor und Inhaber der Webseite. Jegliche nicht schriftlich autorisierte Verwendung an anderer Stelle ist nicht gestattet und wird [&hellip;]<\/p>\n","protected":false},"author":1,"featured_media":0,"parent":0,"menu_order":0,"comment_status":"closed","ping_status":"closed","template":"full-width-page.php","meta":{"ngg_post_thumbnail":0,"footnotes":""},"class_list":["post-225","page","type-page","status-publish","hentry"],"_links":{"self":[{"href":"https:\/\/archteam-architekten.de\/index.php?rest_route=\/wp\/v2\/pages\/225","targetHints":{"allow":["GET"]}}],"collection":[{"href":"https:\/\/archteam-architekten.de\/index.php?rest_route=\/wp\/v2\/pages"}],"about":[{"href":"https:\/\/archteam-architekten.de\/index.php?rest_route=\/wp\/v2\/types\/page"}],"author":[{"embeddable":true,"href":"https:\/\/archteam-architekten.de\/index.php?rest_route=\/wp\/v2\/users\/1"}],"replies":[{"embeddable":true,"href":"https:\/\/archteam-architekten.de\/index.php?rest_route=%2Fwp%2Fv2%2Fcomments&post=225"}],"version-history":[{"count":15,"href":"https:\/\/archteam-architekten.de\/index.php?rest_route=\/wp\/v2\/pages\/225\/revisions"}],"predecessor-version":[{"id":1253,"href":"https:\/\/archteam-architekten.de\/index.php?rest_route=\/wp\/v2\/pages\/225\/revisions\/1253"}],"wp:attachment":[{"href":"https:\/\/archteam-architekten.de\/index.php?rest_route=%2Fwp%2Fv2%2Fmedia&parent=225"}],"curies":[{"name":"wp","href":"https:\/\/api.w.org\/{rel}","templated":true}]}}